{"id":3371,"date":"2021-02-21T02:59:00","date_gmt":"2021-02-21T07:59:00","guid":{"rendered":""},"modified":"2025-11-03T11:57:17","modified_gmt":"2025-11-03T16:57:17","slug":"home","status":"publish","type":"page","link":"https:\/\/becausesoundmatters.ca\/fr\/","title":{"rendered":"Page d'accueil"},"content":{"rendered":"<div data-elementor-type=\"wp-page\" data-elementor-id=\"3371\" class=\"elementor elementor-3371\" data-elementor-post-type=\"page\">\n\t\t\t\t\t\t<section class=\"elementor-section elementor-top-section elementor-element elementor-element-03576ea elementor-section-stretched elementor-section-full_width elementor-section-height-min-height elementor-section-items-stretch elementor-section-gap-beside-yes elementor-section-height-default elementor-section-column-vertical-align-stretch\" data-id=\"03576ea\" data-element_type=\"section\" data-settings=\"{&quot;stretch_section&quot;:&quot;section-stretched&quot;,&quot;background_background&quot;:&quot;classic&quot;}\">\n\t\t\t\t\t\t\t<div class=\"elementor-background-overlay\"><\/div>\n\t\t\t\t\t\t\t<div class=\"elementor-container elementor-column-gap-extended\">\n\t\t\t\t\t<div class=\"elementor-column elementor-col-100 elementor-top-column elementor-element elementor-element-2119e10\" data-id=\"2119e10\" data-element_type=\"column\" data-settings=\"{&quot;background_background&quot;:&quot;classic&quot;}\">\n\t\t\t<div class=\"elementor-widget-wrap elementor-element-populated\">\n\t\t\t\t\t<div class=\"elementor-background-overlay\"><\/div>\n\t\t\t\t\t\t<section class=\"elementor-section elementor-inner-section elementor-element elementor-element-067cf9a elementor-section-full_width elementor-section-content-bottom elementor-section-gap-beside-yes elementor-section-height-default elementor-section-height-default elementor-section-column-vertical-align-stretch\" data-id=\"067cf9a\" data-element_type=\"section\" data-settings=\"{&quot;background_background&quot;:&quot;gradient&quot;}\">\n\t\t\t\t\t\t<div class=\"elementor-container elementor-column-gap-extended\">\n\t\t\t\t\t<div class=\"elementor-column elementor-col-100 elementor-inner-column elementor-element elementor-element-7a377d6\" data-id=\"7a377d6\" data-element_type=\"column\">\n\t\t\t<div class=\"elementor-widget-wrap elementor-element-populated\">\n\t\t\t\t\t\t<div class=\"elementor-element elementor-element-d3d8ba6 elementor-invisible elementor-widget elementor-widget-tm-heading\" data-id=\"d3d8ba6\" data-element_type=\"widget\" data-settings=\"{&quot;_animation&quot;:&quot;billyFadeInUp&quot;,&quot;_animation_mobile&quot;:&quot;none&quot;}\" data-widget_type=\"tm-heading.default\">\n\t\t\t\t<div class=\"elementor-widget-container\">\n\t\t\t\t\t<div class=\"tm-modern-heading\">\n\t\t\t\n\t\t\t\t\t<div class=\"heading-primary-wrap\">\n\t\t\t<h2 class=\"heading-primary elementor-heading-title\">Because sound\nmatters*<\/h2>\t\t<\/div>\n\t\t\n\t\t\t\n\t\t\t\t\t<div class=\"heading-description-wrap\">\n\t\t\t<div class=\"heading-description\">\n\t\t\t\t<p class=\"p1\"><span class=\"s1\">Le blogue d'Oticon Medical Canada<\/span><\/p>\t\t\t<\/div>\n\t\t<\/div>\n\t\t\t<\/div>\n\t\t\t\t<\/div>\n\t\t\t\t<\/div>\n\t\t\t\t<div class=\"elementor-element elementor-element-a191f8a elementor-tablet-align-center elementor-mobile-align-center elementor-invisible elementor-widget elementor-widget-tm-button\" data-id=\"a191f8a\" data-element_type=\"widget\" data-settings=\"{&quot;_animation&quot;:&quot;billyFadeInUp&quot;}\" data-widget_type=\"tm-button.default\">\n\t\t\t\t<div class=\"elementor-widget-container\">\n\t\t\t\t\t<div class=\"tm-button-wrapper\">\n\t\t\t<a href=\"https:\/\/becausesoundmatters.ca\/fr\/home\/bone-conduction\" target=\"_blank\" class=\"tm-button-link tm-button style-thick-border tm-button-sm icon-left\" role=\"button\">\n\t\t\t\t\t\t<div class=\"button-content-wrapper\">\n\t\t\t\t\t\t\t<span class=\"button-icon\">\n\t\t\t\t\t<i class=\"fas fa-play\"><\/i>\t\t\t\t<\/span>\n\t\t\t\n\t\t\t\t\t\t\t<span class=\"button-text\">D\u00e9couvrez la conduction osseuse<\/span>\n\t\t\t\n\t\t\t\t\t<\/div>\n\t\t\n\t\t\t\t\t\t\t<\/a>\n\t\t<\/div>\n\t\t\t\t<\/div>\n\t\t\t\t<\/div>\n\t\t\t\t\t<\/div>\n\t\t<\/div>\n\t\t\t\t\t<\/div>\n\t\t<\/section>\n\t\t\t\t\t<\/div>\n\t\t<\/div>\n\t\t\t\t\t<\/div>\n\t\t<\/section>\n\t\t\t\t<section class=\"elementor-section elementor-top-section elementor-element elementor-element-1600422 elementor-section-boxed elementor-section-gap-beside-yes elementor-section-height-default elementor-section-height-default elementor-section-column-vertical-align-stretch\" data-id=\"1600422\" data-element_type=\"section\">\n\t\t\t\t\t\t<div class=\"elementor-container elementor-column-gap-extended\">\n\t\t\t\t\t<div class=\"elementor-column elementor-col-100 elementor-top-column elementor-element elementor-element-6701f80\" data-id=\"6701f80\" data-element_type=\"column\">\n\t\t\t<div class=\"elementor-widget-wrap elementor-element-populated\">\n\t\t\t\t\t\t<div class=\"elementor-element elementor-element-e018192 elementor-widget elementor-widget-spacer\" data-id=\"e018192\" data-element_type=\"widget\" data-widget_type=\"spacer.default\">\n\t\t\t\t<div class=\"elementor-widget-container\">\n\t\t\t\t\t<div class=\"elementor-spacer\">\n\t\t\t<div class=\"elementor-spacer-inner\"><\/div>\n\t\t<\/div>\n\t\t\t\t<\/div>\n\t\t\t\t<\/div>\n\t\t\t\t\t<\/div>\n\t\t<\/div>\n\t\t\t\t\t<\/div>\n\t\t<\/section>\n\t\t\t\t<section class=\"elementor-section elementor-top-section elementor-element elementor-element-e123239 elementor-section-height-full elementor-section-boxed elementor-section-gap-beside-yes elementor-section-height-default elementor-section-items-middle elementor-section-column-vertical-align-stretch\" data-id=\"e123239\" data-element_type=\"section\">\n\t\t\t\t\t\t<div class=\"elementor-container elementor-column-gap-extended\">\n\t\t\t\t\t<div class=\"elementor-column elementor-col-100 elementor-top-column elementor-element elementor-element-093a17e\" data-id=\"093a17e\" data-element_type=\"column\">\n\t\t\t<div class=\"elementor-widget-wrap elementor-element-populated\">\n\t\t\t\t\t\t<div class=\"elementor-element elementor-element-18cb37e elementor-widget elementor-widget-text-editor\" data-id=\"18cb37e\" data-element_type=\"widget\" data-widget_type=\"text-editor.default\">\n\t\t\t\t<div class=\"elementor-widget-container\">\n\t\t\t\t\t\t\t<p><span style=\"color: #003300;\"><strong>\u00c0 propos d&#039;Oticon Medical<br \/><\/strong><\/span><span style=\"color: #003300;\">Chez Oticon Medical, plus d'un si\u00e8cle d'exp\u00e9rience en audiologie et en traitement du son est combin\u00e9 \u00e0 des d\u00e9cennies d'exp\u00e9rience pionni\u00e8re dans la technologie des implants auditifs. Notre connexion \u00e0 Oticon nous donne un acc\u00e8s unique aux connaissances, aux ressources et \u00e0 la technologie. Cela nous permet \u00e9galement de faire progresser les syst\u00e8mes auditifs \u00e0 ancrage osseux.<\/span><\/p>\n<p><span style=\"color: #003300;\"><strong>Bas\u00e9 sur le \u00abchapiteau\u00bb des implants \u00e0 ancrage osseux<\/strong><\/span><br \/><span style=\"color: #003300;\">La ville su\u00e9doise de G\u00f6teborg est la \u00abcapitale\u00bb des implants \u00e0 ancrage osseux et abrite Oticon Medical. Ici, de nombreuses d\u00e9cennies d'exp\u00e9rience dans le domaine des aides auditives \u00e0 ancrage osseux sont mises \u00e0 profit - non seulement par les membres de notre \u00e9quipe de d\u00e9veloppement, mais \u00e9galement par des sp\u00e9cialistes du support op\u00e9rant ici et ailleurs dans le monde.<\/span><\/p>\n<p><span style=\"color: #003300;\"><strong>Les gens d'abord.<\/strong><\/span><br \/><span style=\"color: #003300;\">La philosophie \u00abLes gens d'abord\u00bb d\u2019Oticon Medical est un h\u00e9ritage direct d\u2019Oticon. Cela nous rappelle que chaque produit que nous cr\u00e9ons - des processeurs de son et des composants chirurgicaux aux outils d'adaptation, de conseil et d'assistance - doit \u00eatre con\u00e7u en tenant compte des besoins des utilisateurs. Nous voulons permettre \u00e0 tous les utilisateurs de syst\u00e8mes auditifs \u00e0 ancrage osseux de r\u00e9aliser leur plein potentiel et de vivre pleinement leur vie.<\/span><\/p>\n<p><span style=\"color: #003300;\"><strong>Libert\u00e9 de choix<\/strong><\/span><br \/><span style=\"color: #003300;\">Nous pensons que les professionnels et les utilisateurs devraient avoir la libert\u00e9 de choisir la meilleure solution auditive, et nous nous engageons \u00e0 faire des syst\u00e8mes auditifs Oticon Medical leur choix num\u00e9ro un, maintenant et \u00e0 l'avenir.<\/span><\/p>\n<p>\u00a0<\/p>\t\t\t\t\t\t<\/div>\n\t\t\t\t<\/div>\n\t\t\t\t\t<\/div>\n\t\t<\/div>\n\t\t\t\t\t<\/div>\n\t\t<\/section>\n\t\t\t\t<section class=\"elementor-section elementor-top-section elementor-element elementor-element-04c46d3 elementor-section-height-full elementor-section-items-top elementor-section-boxed elementor-section-gap-beside-yes elementor-section-height-default elementor-section-column-vertical-align-stretch\" data-id=\"04c46d3\" data-element_type=\"section\">\n\t\t\t\t\t\t<div class=\"elementor-container elementor-column-gap-extended\">\n\t\t\t\t\t<div class=\"elementor-column elementor-col-100 elementor-top-column elementor-element elementor-element-217fc99\" data-id=\"217fc99\" data-element_type=\"column\">\n\t\t\t<div class=\"elementor-widget-wrap elementor-element-populated\">\n\t\t\t\t\t\t<div class=\"elementor-element elementor-element-2ff0281 elementor-widget elementor-widget-video\" data-id=\"2ff0281\" data-element_type=\"widget\" data-settings=\"{&quot;youtube_url&quot;:&quot;https:\\\/\\\/youtu.be\\\/HHWpUxTZ0fM&quot;,&quot;video_type&quot;:&quot;youtube&quot;,&quot;controls&quot;:&quot;yes&quot;}\" data-widget_type=\"video.default\">\n\t\t\t\t<div class=\"elementor-widget-container\">\n\t\t\t\t\t<div class=\"elementor-wrapper elementor-open-inline\">\n\t\t\t<div class=\"elementor-video\"><\/div>\t\t<\/div>\n\t\t\t\t<\/div>\n\t\t\t\t<\/div>\n\t\t\t\t\t<\/div>\n\t\t<\/div>\n\t\t\t\t\t<\/div>\n\t\t<\/section>\n\t\t\t\t<section class=\"elementor-section elementor-top-section elementor-element elementor-element-db00369 elementor-section-full_width elementor-section-gap-beside-no elementor-section-column-vertical-align-middle elementor-section-height-default elementor-section-height-default\" data-id=\"db00369\" data-element_type=\"section\">\n\t\t\t\t\t\t<div class=\"elementor-container elementor-column-gap-default\">\n\t\t\t\t\t<div class=\"elementor-column elementor-col-100 elementor-top-column elementor-element elementor-element-cf569b2\" data-id=\"cf569b2\" data-element_type=\"column\">\n\t\t\t<div class=\"elementor-widget-wrap elementor-element-populated\">\n\t\t\t\t\t\t<div class=\"elementor-element elementor-element-2f9c587 elementor-widget elementor-widget-heading\" data-id=\"2f9c587\" data-element_type=\"widget\" data-widget_type=\"heading.default\">\n\t\t\t\t<div class=\"elementor-widget-container\">\n\t\t\t<h2 class=\"elementor-heading-title elementor-size-default\"><a href=\"https:\/\/becausesoundmatters.ca\/fr\/home\/contact-us\" target=\"_blank\"><u>Contactez Oticon Medical<\/u> pour en savoir plus maintenant!<\/a><\/h2>\t\t<\/div>\n\t\t\t\t<\/div>\n\t\t\t\t\t<\/div>\n\t\t<\/div>\n\t\t\t\t\t<\/div>\n\t\t<\/section>\n\t\t\t\t<section class=\"elementor-section elementor-top-section elementor-element elementor-element-128c02e elementor-section-boxed elementor-section-gap-beside-yes elementor-section-height-default elementor-section-height-default elementor-section-column-vertical-align-stretch\" data-id=\"128c02e\" data-element_type=\"section\">\n\t\t\t\t\t\t<div class=\"elementor-container elementor-column-gap-extended\">\n\t\t\t\t\t<div class=\"elementor-column elementor-col-100 elementor-top-column elementor-element elementor-element-87c33ec\" data-id=\"87c33ec\" data-element_type=\"column\">\n\t\t\t<div class=\"elementor-widget-wrap elementor-element-populated\">\n\t\t\t\t\t\t<div class=\"elementor-element elementor-element-f34fa6c elementor-widget elementor-widget-text-editor\" data-id=\"f34fa6c\" data-element_type=\"widget\" data-widget_type=\"text-editor.default\">\n\t\t\t\t<div class=\"elementor-widget-container\">\n\t\t\t\t\t\t\t<p>\u00a0<\/p><p>\u00a0<\/p><p>\u00a0<\/p>\t\t\t\t\t\t<\/div>\n\t\t\t\t<\/div>\n\t\t\t\t\t<\/div>\n\t\t<\/div>\n\t\t\t\t\t<\/div>\n\t\t<\/section>\n\t\t\t\t<\/div>","protected":false},"excerpt":{"rendered":"<p>Because sound matters The Oticon Medical Canada Blog Discover Bone Conduction About Oticon MedicalAt Oticon Medical more than a century of experience in audiology and sound processing is being combined with decades of pioneering experience in hearing implant technology. Our connection to Oticon gives us unique access to knowledge, resources and technology. It also empowers us to bring progress to bone anchored hearing systems. Based in the \u2018capital\u2019 of bone anchored implantsSweden\u2019s city of Gothenburg is the \u2018capital\u2019 of bone anchored implants, and home to Oticon Medical. Here, many decades of experience in the field of bone anchored hearing systems are being put to excellent use \u2013 not only by members of our development team but also by support specialists operating both here and elsewhere in the world. People FirstOticon Medical\u2019s \u201cPeople First\u201d philosophy is a direct heritage from Oticon. It reminds us that every product we create \u2013 from sound processors and surgical components to fitting, counseling and support tools \u2013 should be designed with user needs in mind. We want to empower all users of bone anchored hearing systems to realize their full potential and live life to the full. Freedom of ChoiceWe believe that both professionals and users should have the freedom to choose the best hearing solution, and we are committed to making Oticon Medical hearing systems their number one choice \u2013 both now and in the future. \u00a0 https:\/\/youtu.be\/HHWpUxTZ0fM Contact Oticon Medical to learn more now! \u00a0 \u00a0 \u00a0<\/p>","protected":false},"author":1,"featured_media":0,"parent":0,"menu_order":1,"comment_status":"closed","ping_status":"closed","template":"","meta":{"footnotes":""},"class_list":["post-3371","page","type-page","status-publish","hentry","post-no-thumbnail"],"yoast_head":"<!-- This site is optimized with the Yoast SEO plugin v24.0 - https:\/\/yoast.com\/wordpress\/plugins\/seo\/ -->\n<title>because sound matters - Learn about hearing solutions today<\/title>\n<meta name=\"description\" content=\"Hearing devices can highly improve your quality of life. Learn all about the different hearing possibilities that there are to offer\" \/>\n<meta name=\"robots\" content=\"index, follow, max-snippet:-1, max-image-preview:large, max-video-preview:-1\" \/>\n<link rel=\"canonical\" href=\"https:\/\/becausesoundmatters.ca\/fr\/\" \/>\n<meta property=\"og:locale\" content=\"fr_FR\" \/>\n<meta property=\"og:type\" content=\"article\" \/>\n<meta property=\"og:title\" content=\"because sound matters - Learn about hearing solutions today\" \/>\n<meta property=\"og:description\" content=\"Hearing devices can highly improve your quality of life. Learn all about the different hearing possibilities that there are to offer\" \/>\n<meta property=\"og:url\" content=\"https:\/\/becausesoundmatters.ca\/fr\/\" \/>\n<meta property=\"og:site_name\" content=\"because sound matters\" \/>\n<meta property=\"article:modified_time\" content=\"2025-11-03T16:57:17+00:00\" \/>\n<meta name=\"twitter:card\" content=\"summary_large_image\" \/>\n<meta name=\"twitter:label1\" content=\"Dur\u00e9e de lecture estim\u00e9e\" \/>\n\t<meta name=\"twitter:data1\" content=\"2 minutes\" \/>\n<script type=\"application\/ld+json\" class=\"yoast-schema-graph\">{\"@context\":\"https:\/\/schema.org\",\"@graph\":[{\"@type\":\"WebPage\",\"@id\":\"https:\/\/becausesoundmatters.ca\/\",\"url\":\"https:\/\/becausesoundmatters.ca\/\",\"name\":\"because sound matters - Learn about hearing solutions today\",\"isPartOf\":{\"@id\":\"https:\/\/becausesoundmatters.ca\/#website\"},\"datePublished\":\"2021-02-21T07:59:00+00:00\",\"dateModified\":\"2025-11-03T16:57:17+00:00\",\"description\":\"Hearing devices can highly improve your quality of life. Learn all about the different hearing possibilities that there are to offer\",\"breadcrumb\":{\"@id\":\"https:\/\/becausesoundmatters.ca\/#breadcrumb\"},\"inLanguage\":\"fr-FR\",\"potentialAction\":[{\"@type\":\"ReadAction\",\"target\":[\"https:\/\/becausesoundmatters.ca\/\"]}]},{\"@type\":\"BreadcrumbList\",\"@id\":\"https:\/\/becausesoundmatters.ca\/#breadcrumb\",\"itemListElement\":[{\"@type\":\"ListItem\",\"position\":1,\"name\":\"Home\",\"item\":\"https:\/\/becausesoundmatters.ca\/\"},{\"@type\":\"ListItem\",\"position\":2,\"name\":\"Home\"}]},{\"@type\":\"WebSite\",\"@id\":\"https:\/\/becausesoundmatters.ca\/#website\",\"url\":\"https:\/\/becausesoundmatters.ca\/\",\"name\":\"because sound matters\",\"description\":\"Just another WordPress site\",\"potentialAction\":[{\"@type\":\"SearchAction\",\"target\":{\"@type\":\"EntryPoint\",\"urlTemplate\":\"https:\/\/becausesoundmatters.ca\/?s={search_term_string}\"},\"query-input\":{\"@type\":\"PropertyValueSpecification\",\"valueRequired\":true,\"valueName\":\"search_term_string\"}}],\"inLanguage\":\"fr-FR\"}]}<\/script>\n<!-- \/ Yoast SEO plugin. -->","yoast_head_json":{"title":"because sound matters - Learn about hearing solutions today","description":"Hearing devices can highly improve your quality of life. Learn all about the different hearing possibilities that there are to offer","robots":{"index":"index","follow":"follow","max-snippet":"max-snippet:-1","max-image-preview":"max-image-preview:large","max-video-preview":"max-video-preview:-1"},"canonical":"https:\/\/becausesoundmatters.ca\/fr\/","og_locale":"fr_FR","og_type":"article","og_title":"because sound matters - Learn about hearing solutions today","og_description":"Hearing devices can highly improve your quality of life. Learn all about the different hearing possibilities that there are to offer","og_url":"https:\/\/becausesoundmatters.ca\/fr\/","og_site_name":"because sound matters","article_modified_time":"2025-11-03T16:57:17+00:00","twitter_card":"summary_large_image","twitter_misc":{"Dur\u00e9e de lecture estim\u00e9e":"2 minutes"},"schema":{"@context":"https:\/\/schema.org","@graph":[{"@type":"WebPage","@id":"https:\/\/becausesoundmatters.ca\/","url":"https:\/\/becausesoundmatters.ca\/","name":"because sound matters - Learn about hearing solutions today","isPartOf":{"@id":"https:\/\/becausesoundmatters.ca\/#website"},"datePublished":"2021-02-21T07:59:00+00:00","dateModified":"2025-11-03T16:57:17+00:00","description":"Hearing devices can highly improve your quality of life. Learn all about the different hearing possibilities that there are to offer","breadcrumb":{"@id":"https:\/\/becausesoundmatters.ca\/#breadcrumb"},"inLanguage":"fr-FR","potentialAction":[{"@type":"ReadAction","target":["https:\/\/becausesoundmatters.ca\/"]}]},{"@type":"BreadcrumbList","@id":"https:\/\/becausesoundmatters.ca\/#breadcrumb","itemListElement":[{"@type":"ListItem","position":1,"name":"Home","item":"https:\/\/becausesoundmatters.ca\/"},{"@type":"ListItem","position":2,"name":"Home"}]},{"@type":"WebSite","@id":"https:\/\/becausesoundmatters.ca\/#website","url":"https:\/\/becausesoundmatters.ca\/","name":"because sound matters","description":"Juste un autre site WordPress","potentialAction":[{"@type":"SearchAction","target":{"@type":"EntryPoint","urlTemplate":"https:\/\/becausesoundmatters.ca\/?s={search_term_string}"},"query-input":{"@type":"PropertyValueSpecification","valueRequired":true,"valueName":"search_term_string"}}],"inLanguage":"fr-FR"}]}},"_links":{"self":[{"href":"https:\/\/becausesoundmatters.ca\/fr\/wp-json\/wp\/v2\/pages\/3371","targetHints":{"allow":["GET"]}}],"collection":[{"href":"https:\/\/becausesoundmatters.ca\/fr\/wp-json\/wp\/v2\/pages"}],"about":[{"href":"https:\/\/becausesoundmatters.ca\/fr\/wp-json\/wp\/v2\/types\/page"}],"author":[{"embeddable":true,"href":"https:\/\/becausesoundmatters.ca\/fr\/wp-json\/wp\/v2\/users\/1"}],"replies":[{"embeddable":true,"href":"https:\/\/becausesoundmatters.ca\/fr\/wp-json\/wp\/v2\/comments?post=3371"}],"version-history":[{"count":647,"href":"https:\/\/becausesoundmatters.ca\/fr\/wp-json\/wp\/v2\/pages\/3371\/revisions"}],"predecessor-version":[{"id":7283,"href":"https:\/\/becausesoundmatters.ca\/fr\/wp-json\/wp\/v2\/pages\/3371\/revisions\/7283"}],"wp:attachment":[{"href":"https:\/\/becausesoundmatters.ca\/fr\/wp-json\/wp\/v2\/media?parent=3371"}],"curies":[{"name":"wp","href":"https:\/\/api.w.org\/{rel}","templated":true}]}}